{"id":407,"date":"2012-07-18T12:45:17","date_gmt":"2012-07-18T12:45:17","guid":{"rendered":"http:\/\/www.balanceship.de\/wp\/?page_id=407"},"modified":"2013-07-02T10:32:05","modified_gmt":"2013-07-02T10:32:05","slug":"heiko-severit","status":"publish","type":"page","link":"https:\/\/www.balanceship.de\/?page_id=407","title":{"rendered":"Heiko Severit"},"content":{"rendered":"<h2>HEIKO SEVERIT<\/h2>\n<p>Bereits in jungen Jahren war Heiko Severit erfolgreich in der Vielseitigkeit unterwegs und errang unter seinen damaligen Trainern Werner Schmidt und Manfred K\u00f6tter u. a. bei Landesmeisterschaften den Mannschaftstitel und Silber im Einzelwettbewerb. Danach war er weiterhin vielseitig im Sattel und startete mit gr\u00f6\u00dftenteils aus eigener Zucht stammenden bzw. selbstausgebildeten Pferden erfolgreich in Springpr\u00fcfungen der Klasse M und Dressurpr\u00fcfungen bis Prix St. Georges.<\/p>\n<p>&nbsp;<\/p>\n<p>Als urspr\u00fcnglich ausgebildeter Kfz-Mechaniker entschied sich Heiko 1995 dazu, sein Hobby &#8222;Pferd&#8220; auch beruflich auszu\u00fcben und begann eine Umschulung als Pferdewirt mit dem Schwerpunkt Zucht und Haltung.<\/p>\n<p>&nbsp;<\/p>\n<p>Im Jahr 2004 erlangte er die Zulassung als Eigenbestandsbesamungswart, 2008 folgte die erfolgreiche Meisterpr\u00fcfung zum Pferdewirtschaftsmeister Zucht und Haltung. Im darauffolgenden Jahr schloss er sowohl die Meisterpr\u00fcfung zum Pferdewirtschaftsmeister Reitausbildung als auch den Lehrgang und die Pr\u00fcfung zum Bewegungstrainer EM erfolgreich ab.<\/p>\n<p>&nbsp;<\/p>\n<p>Seitdem bildet Heiko Severit Reiter und Pferde der verschieden Sparten bis zur Klasse M aus (u. a. div. Bundeschampionatsteilnehmer, Manschaftstrainer auf Kreis- u. Bezirksebene et.) und bietet mobile Lehrg\u00e4nge als Bewegungstrainer EM an. Die st\u00e4ndige Fortbildung ist ihm sehr wichtig, um immer auf dem neuesten Stand zu bleiben.<\/p>\n<p><img decoding=\"async\" loading=\"lazy\" src=\"http:\/\/www.balanceship.de\/wp-content\/uploads\/2012\/06\/trans1.gif\" alt=\"\" width=\"100\" height=\"150\" \/><\/p>\n","protected":false},"excerpt":{"rendered":"<p>HEIKO SEVERIT Bereits in jungen Jahren war Heiko Severit erfolgreich in der Vielseitigkeit unterwegs und errang unter seinen damaligen Trainern Werner Schmidt und Manfred K\u00f6tter u. a. bei Landesmeisterschaften den Mannschaftstitel und Silber im Einzelwettbewerb. Danach war er weiterhin vielseitig &hellip; <a href=\"https:\/\/www.balanceship.de\/?page_id=407\">Weiterlesen <span class=\"meta-nav\">&rarr;<\/span><\/a><\/p>\n","protected":false},"author":1,"featured_media":0,"parent":0,"menu_order":0,"comment_status":"closed","ping_status":"closed","template":"","meta":{"footnotes":""},"_links":{"self":[{"href":"https:\/\/www.balanceship.de\/index.php?rest_route=\/wp\/v2\/pages\/407"}],"collection":[{"href":"https:\/\/www.balanceship.de\/index.php?rest_route=\/wp\/v2\/pages"}],"about":[{"href":"https:\/\/www.balanceship.de\/index.php?rest_route=\/wp\/v2\/types\/page"}],"author":[{"embeddable":true,"href":"https:\/\/www.balanceship.de\/index.php?rest_route=\/wp\/v2\/users\/1"}],"replies":[{"embeddable":true,"href":"https:\/\/www.balanceship.de\/index.php?rest_route=%2Fwp%2Fv2%2Fcomments&post=407"}],"version-history":[{"count":6,"href":"https:\/\/www.balanceship.de\/index.php?rest_route=\/wp\/v2\/pages\/407\/revisions"}],"predecessor-version":[{"id":551,"href":"https:\/\/www.balanceship.de\/index.php?rest_route=\/wp\/v2\/pages\/407\/revisions\/551"}],"wp:attachment":[{"href":"https:\/\/www.balanceship.de\/index.php?rest_route=%2Fwp%2Fv2%2Fmedia&parent=407"}],"curies":[{"name":"wp","href":"https:\/\/api.w.org\/{rel}","templated":true}]}}