{"id":31,"date":"2012-06-26T07:21:55","date_gmt":"2012-06-26T07:21:55","guid":{"rendered":"http:\/\/www.balanceship.de\/wp\/?page_id=31"},"modified":"2012-07-28T09:31:48","modified_gmt":"2012-07-28T09:31:48","slug":"bewegungstraining","status":"publish","type":"page","link":"https:\/\/www.balanceship.de\/?page_id=31","title":{"rendered":"Bewegungstraining"},"content":{"rendered":"<h2>BEWEGUNGSTRAINING<\/h2>\n<p><strong>Das etwas andere Erfolgskonzept&#8230;<br \/>\n<\/strong>Ein geschmeidiger Reitersitz und ein gef\u00fchlvolles Einwirken auf das Pferd sind Grundlage f\u00fcr den angestrebten harmonischen Dialog zwischen Reiter und Pferd. Durch unterschiedliche Defizite des Menschen wird dieser oftmals gest\u00f6rt. Selbst kleinste Verspannungen des Reiters l\u00f6sen falsche Reaktionen des Pferdes aus, obwohl der Reiter eigentlich alles richtig machen m\u00f6chte. Diese Verspannungen k\u00f6nnen k\u00f6rperliche Ursachen, aber auch emotionale Hintergr\u00fcnde haben.\u00a0Das Bewegungstraining des Sportp\u00e4dagogen\u00a0<a title=\"Eckart Meyners\" href=\"?page_id=148\">Eckart Meyners<\/a>\u00a0ist darauf\u00a0ausgerichtet, in Anlehnung an die klassische Reitlehre die\u00a0Koordination, das Gleichgewicht und die Bewegungsfreiheit des\u00a0Reiters zu verbessern. Die in diesen Trainingseinheiten zu\u00a0absolvierenden \u00dcbungen helfen dem Reiter, eine bequeme\u00a0Sitzposition im Sattel zu finden und unterst\u00fctzen dabei, Hilfen\u00a0effektiv zu geben. Eckart Meyners befasst sich seit \u00fcber 30 Jahren mit der Bewegungslehre im Reiten und gilt auf diesem Gebiet\u00a0als international anerkannter Experte.<\/p>\n<p>&nbsp;<\/p>\n<p><a title=\"Boden\u00fcbung beim 6-Punkte-Programm nach Eckart Meyners\" href=\"http:\/\/www.balanceship.de\/wp-content\/uploads\/2012\/06\/bu1.jpg\"  class=\"wmp\" id=\"wmp1\"><img decoding=\"async\" loading=\"lazy\" class=\"alignnone size-thumbnail wp-image-52\" title=\"6-Punkte-Programm nach Eckart Meyners\" src=\"http:\/\/www.balanceship.de\/wp-content\/uploads\/2012\/06\/bu1-190x150.jpg\" alt=\"Boden\u00fcbung beim 6-Punkte-Programm nach Eckart Meyners\" width=\"190\" height=\"150\" \/><\/a>\u00a0 \u00a0\u00a0<a title=\"Boden\u00fcbung beim 6-Punkte-Programm nach Eckart Meyners\" href=\"http:\/\/www.balanceship.de\/wp-content\/uploads\/2012\/06\/bu2.jpg\"  class=\"wmp\" id=\"wmp2\"><img decoding=\"async\" loading=\"lazy\" class=\"alignnone size-thumbnail wp-image-55\" title=\"6-Punkte-Programm nach Eckart Meyners\" src=\"http:\/\/www.balanceship.de\/wp-content\/uploads\/2012\/06\/bu2-190x150.jpg\" alt=\"Boden\u00fcbung beim 6-Punkte-Programm nach Eckart Meyners\" width=\"190\" height=\"150\" \/><\/a>\u00a0 \u00a0\u00a0<a title=\"Boden\u00fcbung beim 6-Punkte-Programm nach Eckart Meyners\" href=\"http:\/\/www.balanceship.de\/wp-content\/uploads\/2012\/06\/bu3.jpg\"  class=\"wmp\" id=\"wmp3\"><img decoding=\"async\" loading=\"lazy\" class=\"alignnone size-thumbnail wp-image-56\" title=\"6-Punkte-Programm nach Eckart Meyners\" src=\"http:\/\/www.balanceship.de\/wp-content\/uploads\/2012\/06\/bu3-190x150.jpg\" alt=\"Boden\u00fcbung beim 6-Punkte-Programm nach Eckart Meyners\" width=\"190\" height=\"150\" \/><\/a>\u00a0 \u00a0\u00a0<a title=\"Boden\u00fcbung beim 6-Punkte-Programm nach Eckart Meyners\" href=\"http:\/\/www.balanceship.de\/wp-content\/uploads\/2012\/06\/bu4.jpg\"  class=\"wmp\" id=\"wmp4\"><img decoding=\"async\" loading=\"lazy\" class=\"alignnone size-thumbnail wp-image-57\" title=\"6-Punkte-Programm nach Eckart Meyners\" src=\"http:\/\/www.balanceship.de\/wp-content\/uploads\/2012\/06\/bu4-190x150.jpg\" alt=\"Streckung des Brustbeinbereichs beim 6-Punkte-Programm nach Eckart Meyners\" width=\"190\" height=\"150\" \/><\/a><\/p>\n<p>&nbsp;<\/p>\n<p>&nbsp;<\/p>\n<h2>F\u00dcR EINE BESSERE BALANCE&#8230;<\/h2>\n<p>&nbsp;<\/p>\n<p><strong>Trainingsabl\u00e4ufe<\/strong><\/p>\n<p>Ist die Ursache des reiterlichen Bewegungsmangels gefunden, k\u00f6nnen die speziellen \u00dcbungen des meynerschen Konzeptes den Reiter dahingehend ver\u00e4ndern, dass ein st\u00f6rungsfreier Dialog zwischen Reiter und Pferd stattfinden kann. Dialog meint hier eine Kommunikation zwischen Reiter- und Pferdek\u00f6rper. Dabei stellt der Dialogbegriff eine Metapher (ein Bild) der Auseinandersetzung dar.\u00a0In den aus Theorie- und Praxiseinheiten\u00a0bestehenden Seminaren werden die grundlegenden Schwierigkeiten\u00a0durch ein 6-Punkte Programm ohne und mit Pferd behandelt,\u00a0welches einen Leitfaden in der Sitzschulung des Reiters bietet. Es werden bei jedem Teilnehmer die einzelnen Defizite ermittelt und bearbeitet (Dauer ca. 45 &#8211; 60 Minuten pro Teilnehmer). Die grundlegenden Knotenpunkte hierbei sind:<\/p>\n<p>&nbsp;<\/p>\n<ul style=\"color: #323232; font-size: 10pt; font-weight: bolder; list-style-type: none;\">\n<li>Kopf-\/Hals-Nackenbereich<\/li>\n<li>Brustbeinbereich und Brustkorb<\/li>\n<li>Muskel- und Sehnenreflexe<\/li>\n<li>Kreuz-Darmbein-Gelenk<\/li>\n<li>Beweglichkeit im Becken und in den gro\u00dfen Gelenken<\/li>\n<li>Cross-Koordination (Diagonale Hilfen)<\/li>\n<\/ul>\n<p>&nbsp;<\/p>\n<p>&nbsp;<\/p>\n<div style=\"float: left; width: 210px;\"><a href=\"http:\/\/www.balanceship.de\/wp-content\/uploads\/2012\/06\/balimositz1.jpg\"  class=\"wmp\" id=\"wmp5\"><img decoding=\"async\" loading=\"lazy\" class=\"alignleft size-thumbnail wp-image-54\" title=\"BALIMO-Sitz nach Eckart Meyners\" src=\"http:\/\/www.balanceship.de\/wp-content\/uploads\/2012\/06\/balimositz1-190x150.jpg\" alt=\"BALIMO-Sitz\u00fcbung beim 6-Punkte-Programm nach Eckart Meyners\" width=\"190\" height=\"150\" \/><\/a><\/div>\n<div style=\"float: right; width: 700px;\">Innerhalb k\u00fcrzester Zeit kann man \u00fcber Bearbeitung dieser\u00a0Knotenpunkte den Sitz des Reiters und das Bewegungsgef\u00fchl\u00a0positiv ver\u00e4ndern.\u00a0Typische Sitz-Fehlhaltungen des Reiters sind z. B. ein rund gemachter R\u00fccken oder ein Hohlkreuz. Beide Formen dieser Haltung belasten und besch\u00e4digen auch auf Dauer die Wirbels\u00e4ule im Kopf-\/Hals-Nackenbereich sowie auch den unteren Bereich im R\u00fccken. Diese Fehlstellungen bewirken auch, dass der Reiter im Sattel vom Pferd als unangenehm empfunden wird und es somit zu Problemen zwischen Reiter und Pferd f\u00fchrt.<br \/>\nMithilfe des speziell von Eckart Meyners\u00a0entwickelten Bewegungsstuhls\u00a0<a href=\"http:\/\/www.balimo.info\/\" target=\"_blank\">BALIMO \u00ae<\/a>\u00a0findet der Reiter\u00a0ganz leicht heraus, wie einfach es sein kann, Haltung,\u00a0Sitz und damit auch die Einwirkung auf das Pferd zu\u00a0verbessern.<\/div>\n<div style=\"float: left; margin-top: 20px;\">\n<div style=\"float: left; width: 490px; margin: 20px 25px 0px 0px;\">Zu der auf dem Pferd stattfindenden Praxiseinheit geh\u00f6ren ebenso \u00dcbungen, die die oben genannten Knotenpunkte betreffen, aber in der Grundstruktur leicht ver\u00e4ndert sind, da die Boden\u00fcbungen auf dem Pferd nat\u00fcrlich nicht so umgesetzt werden k\u00f6nnen. So werden auf dem Pferd verschiedene Flexibilit\u00e4ts\u00fcbungen durchgef\u00fchrt.<\/div>\n<div style=\"float: right; width: 420px; text-align: right;\"><a title=\"\u00dcbung zur Beweglichkeit in den gro\u00dfen Gelenken\" href=\"http:\/\/www.balanceship.de\/wp-content\/uploads\/2012\/06\/satteluebungen1.jpg\"  class=\"wmp\" id=\"wmp6\"><img decoding=\"async\" loading=\"lazy\" class=\"size-thumbnail wp-image-59 alignright\" title=\"6-Punkte-Programm nach Eckart Meyners\" src=\"http:\/\/www.balanceship.de\/wp-content\/uploads\/2012\/06\/satteluebungen1-190x150.jpg\" alt=\"\u00dcbungen im Sattel beim 6-Punkte-Programm nach Eckart Meyners\" width=\"190\" height=\"150\" \/><\/a><a title=\"\u00dcbungen zur Mobilisierung des Brustbeinbereichs und Brustkorbes\" href=\"http:\/\/www.balanceship.de\/wp-content\/uploads\/2012\/06\/satteluebungen.jpg\"  class=\"wmp\" id=\"wmp7\"><img decoding=\"async\" loading=\"lazy\" class=\"alignright size-thumbnail wp-image-58\" title=\"6-Punkte-Programm nach Eckart Meyners\" src=\"http:\/\/www.balanceship.de\/wp-content\/uploads\/2012\/06\/satteluebungen-190x150.jpg\" alt=\"\u00dcbungen im Sattel beim 6-Punkte-Programm nach Eckart Meyners\" width=\"190\" height=\"150\" \/><\/a><\/div>\n<\/div>\n<div style=\"float: left; margin-top: 20px;\">\n<h2>ZWISCHEN REITER UND PFERD<\/h2>\n<p><strong>Effekte<br \/>\n<\/strong>Vorallem auch im Leistungssportbereich wirkt\u00a0sich dieses Bewegungstraining sehr positiv aus und erzielt zum\u00a0Teil grandiose Effekte und damit h\u00f6here Erfolge auf Turnieren.Oftmals bemerken z. B. Dressurreiter, dass ihr Pferd nur auf\u00a0einer Hand perfekte Wechsel springt bzw. grunds\u00e4tzlich nur auf\u00a0einer Hand alle Aufgaben korrekt ausf\u00fchrt. Im Springsport\u00a0wiederrum erreichen die Pferde nicht immer die ausreichende\u00a0Weite, wodurch Fehler entstehen.\u00a0Diese typischen Defizite treten\u00a0\u00fcberwiegend durch falsche Gewichtsverlagerungen des Reiters auf\u00a0und k\u00f6nnen durch ein gezieltes Bewegungstraining des Reiters\u00a0deutlich verbessert werden.<\/p>\n<\/div>\n<div style=\"float: left; margin-top: 20px;\">\n<h2>MIT ERFOLG GEKR\u00d6NT<\/h2>\n<div style=\"float: left; width: 210px;\"><a title=\"Die richtige Balance zwischen Reiter und Pferd\" href=\"http:\/\/www.balanceship.de\/wp-content\/uploads\/2012\/06\/trabbild.jpg\"  class=\"wmp\" id=\"wmp8\"><img decoding=\"async\" loading=\"lazy\" class=\"alignright size-thumbnail wp-image-60\" title=\"Balance zwischen Reiter und Pferd\" src=\"http:\/\/www.balanceship.de\/wp-content\/uploads\/2012\/06\/trabbild-190x150.jpg\" alt=\"Balance zwischen Reiter und Pferd\" width=\"190\" height=\"150\" \/><\/a><\/div>\n<div style=\"width: 700px;\"><strong>Aha-Erlebnisse<\/strong><br \/>\nDie Erfolge dieses Trainingskonzeptes sprechen f\u00fcr\u00a0sich. Viele Reiter bemerken, dass sie ihr Gewicht besser\u00a0einsetzen, besser mitschwingen und gezieltere Hilfen\u00a0geben k\u00f6nnen.\u00a0Auch Namhafte Reiter wie z. B. Heike Kemmer\u00a0(Mannschaftsweltmeisterin und Olympiasiegerin) integrieren die\u00a0Bewegungslehre in ihr\u00a0Trainingskonzept.<\/div>\n<\/div>\n<div style=\"float: right; width: 210px; text-align: right; margin-top: 40px;\"><a title=\"Erfolg durch das Bewegungstraining nach Eckart Meyners\" href=\"http:\/\/www.balanceship.de\/wp-content\/uploads\/2012\/06\/erfolg.jpg\"  class=\"wmp\" id=\"wmp9\"><img decoding=\"async\" loading=\"lazy\" class=\"alignright size-thumbnail wp-image-106\" title=\"Erfolg durch das Bewegungstraining nach Eckart Meyners\" src=\"http:\/\/www.balanceship.de\/wp-content\/uploads\/2012\/06\/erfolg-190x150.jpg\" alt=\"\" width=\"190\" height=\"150\" \/><\/a><\/div>\n<div style=\"float: left; margin-top: 20px;\"><strong>Erleben auch Sie diesen Erfolg und nehmen (gemeinsam mit Ihrem Pferd) an einem unserer mobilen Lehrg\u00e4nge teil!<\/strong><\/div>\n","protected":false},"excerpt":{"rendered":"<p>BEWEGUNGSTRAINING Das etwas andere Erfolgskonzept&#8230; Ein geschmeidiger Reitersitz und ein gef\u00fchlvolles Einwirken auf das Pferd sind Grundlage f\u00fcr den angestrebten harmonischen Dialog zwischen Reiter und Pferd. Durch unterschiedliche Defizite des Menschen wird dieser oftmals gest\u00f6rt. Selbst kleinste Verspannungen des Reiters &hellip; <a href=\"https:\/\/www.balanceship.de\/?page_id=31\">Weiterlesen <span class=\"meta-nav\">&rarr;<\/span><\/a><\/p>\n","protected":false},"author":1,"featured_media":0,"parent":0,"menu_order":0,"comment_status":"open","ping_status":"open","template":"","meta":{"footnotes":""},"_links":{"self":[{"href":"https:\/\/www.balanceship.de\/index.php?rest_route=\/wp\/v2\/pages\/31"}],"collection":[{"href":"https:\/\/www.balanceship.de\/index.php?rest_route=\/wp\/v2\/pages"}],"about":[{"href":"https:\/\/www.balanceship.de\/index.php?rest_route=\/wp\/v2\/types\/page"}],"author":[{"embeddable":true,"href":"https:\/\/www.balanceship.de\/index.php?rest_route=\/wp\/v2\/users\/1"}],"replies":[{"embeddable":true,"href":"https:\/\/www.balanceship.de\/index.php?rest_route=%2Fwp%2Fv2%2Fcomments&post=31"}],"version-history":[{"count":128,"href":"https:\/\/www.balanceship.de\/index.php?rest_route=\/wp\/v2\/pages\/31\/revisions"}],"predecessor-version":[{"id":539,"href":"https:\/\/www.balanceship.de\/index.php?rest_route=\/wp\/v2\/pages\/31\/revisions\/539"}],"wp:attachment":[{"href":"https:\/\/www.balanceship.de\/index.php?rest_route=%2Fwp%2Fv2%2Fmedia&parent=31"}],"curies":[{"name":"wp","href":"https:\/\/api.w.org\/{rel}","templated":true}]}}