{"id":148,"date":"2012-06-27T12:56:40","date_gmt":"2012-06-27T12:56:40","guid":{"rendered":"http:\/\/www.balanceship.de\/wp\/?page_id=148"},"modified":"2012-07-18T11:59:12","modified_gmt":"2012-07-18T11:59:12","slug":"eckart-meyners","status":"publish","type":"page","link":"https:\/\/www.balanceship.de\/?page_id=148","title":{"rendered":"Eckart Meyners"},"content":{"rendered":"<h2>ECKART MEYNERS<\/h2>\n<p>Eckart Meyners ist Akad. Oberrat i.R. und war \u00fcber 35 Jahre als Dozent f\u00fcr Sportp\u00e4dagogik an der Leuphana Universit\u00e4t L\u00fcneburg t\u00e4tig. Er leitete in letzten 6 Dienstjahren das Institut f\u00fcr Spiel- und Bewegungserziehung. Seine Forschungs- und Lehrschwerpunkte sind Bewegungslehre, Gesundheitserziehung, Leichtathletik, R\u00fcckschlagspiele und Reitp\u00e4dagogik. Er ist st\u00e4ndiger Mitarbeiter der Dressurstudien und lehrte in den Bachelor- und Masterstudieng\u00e4ngen Lehrerbildung f\u00fcr die Primarstufe, Sekundarstufe I, Lehramt an Berufsbildenden Schulen, Diplom-P\u00e4dagogik sowie im Studiengang angewandte Kulturwissenschaften im Studienfach Spiel- und Bewegungskultur. Es ist ihm gelungen, Reiten und Reitp\u00e4dagogik als Lehr- und Forschungsgebiete universit\u00e4r einzuf\u00fchren. L\u00fcneburg ist die bisher einzige Universit\u00e4t, an der Lehramtsstudenten des Faches Sport Reiten als eine ihrer obligatorisch zu absolvierenden Sportarten w\u00e4hlen k\u00f6nnen.<\/p>\n<p>&nbsp;<\/p>\n<p>Seit 1976 widmet er sich Fragen des Bewegungslernens im Reiten. Da die Reitlehre als Bewegungslehre f\u00fcr das Pferd gilt, sie aber keine Bewegungslehre des Menschen enth\u00e4lt, hat Eckart Meyners in diesem Defizit die Chance gesehen, den Reitern, Ausbildern und Richtern die Vielf\u00e4ltigkeit des menschlichen Bewegungslernens durchschaubar zu machen. Bereits seit den 1990er Jahren geh\u00f6rte Eckart Meyners zum Lehrerteam f\u00fcr angehende Pferdewirtschaftsmeister und machte sie vertraut mit seinen Erkenntnissen \u00fcber die Bewegungslehre f\u00fcr Menschen, die darauf ausgerichtet ist, Koordination, Gleichgewicht und Bewegungsfreiheit des Reiters zu verbessern. Eckart Meyners entwickelte \u00dcbungen, die Blockaden l\u00f6sen, die dem Reiter helfen, eine bequeme Sitzposition im Sattel zu finden und ihn unterst\u00fctzen, seine Hilfen zu geben.<\/p>\n<p>&nbsp;<\/p>\n<p>Bisher dokumentieren 18 eigene B\u00fccher\/Brosch\u00fcren und 200 Aufs\u00e4tze mit reitp\u00e4dagogischen Themen in unterschiedlichen sportp\u00e4dagogischen und reitfachlichen Zeitschriften seine Denkweise \u00fcber den Menschen im Reitsport. Insgesamt ver\u00f6ffentlichte er 32 B\u00fccher und 320 Aufs\u00e4tze. Dar\u00fcber hinaus hat er die Idee des Bewegungsstuhls <a href=\"http:\/\/www.balimo.info\/\" target=\"_blank\">BALIMO\u00ae<\/a>\u00a0entwickelt, der von Reitern und im R\u00fccken belasteten Menschen mit Erfolg genutzt wird. Nach seiner Methode ist die Zusatzqualifikation \u201eBewegungstrainer EM\u201c f\u00fcr Berufsreitlehrer benannt worden.<\/p>\n<p>&nbsp;<\/p>\n<p><strong>Weitere Funktionen:<\/strong><\/p>\n<ul style=\"color: #333333; font-size: 10pt; list-style-type: none;\">\n<li>Mitglied im Arbeitskreis \u201cReiten im Schulsport\u201d der FN<\/li>\n<li>Mitglied des Ausbildungs-Ausschusses des Pferdesportverbands Hannover<\/li>\n<li>Referent bei Landestrainertagungen<\/li>\n<li>Referent bei Richtertagungen<\/li>\n<li>Referent bei Tagungen \u201eBesser sitzen\u201c<\/li>\n<li>Lehrbeauftragter bei Pferdewirtschaftsmeisterlehrg\u00e4ngen an der Deutschen Reitschule, an der Westf\u00e4lischen Reit- und Fahrschule M\u00fcnster-Handorf und bei Diplom-Trainern Reiten der Trainerakademie<\/li>\n<li>Leiter von Aus- und Fortbildungslehrg\u00e4ngen Reiten in fast allen deutschen Pferdesportverb\u00e4nden<\/li>\n<li>Referent bei Lehrg\u00e4ngen in mehreren europ\u00e4ischen L\u00e4ndern und in den USA<\/li>\n<li>st\u00e4ndiger Mitarbeiter der Dressurstudien<\/li>\n<li>seit mehreren Jahren Training mit\u00a0Heike Kemmer\u00a0(Mannschaftsweltmeisterin und Olympiasiegerin)<\/li>\n<li>unterst\u00fctzt weitere internationale Reiter und Trainer unterschiedlicher Disziplinen<\/li>\n<\/ul>\n","protected":false},"excerpt":{"rendered":"<p>ECKART MEYNERS Eckart Meyners ist Akad. Oberrat i.R. und war \u00fcber 35 Jahre als Dozent f\u00fcr Sportp\u00e4dagogik an der Leuphana Universit\u00e4t L\u00fcneburg t\u00e4tig. Er leitete in letzten 6 Dienstjahren das Institut f\u00fcr Spiel- und Bewegungserziehung. Seine Forschungs- und Lehrschwerpunkte sind &hellip; <a href=\"https:\/\/www.balanceship.de\/?page_id=148\">Weiterlesen <span class=\"meta-nav\">&rarr;<\/span><\/a><\/p>\n","protected":false},"author":1,"featured_media":0,"parent":0,"menu_order":0,"comment_status":"open","ping_status":"open","template":"","meta":{"footnotes":""},"_links":{"self":[{"href":"https:\/\/www.balanceship.de\/index.php?rest_route=\/wp\/v2\/pages\/148"}],"collection":[{"href":"https:\/\/www.balanceship.de\/index.php?rest_route=\/wp\/v2\/pages"}],"about":[{"href":"https:\/\/www.balanceship.de\/index.php?rest_route=\/wp\/v2\/types\/page"}],"author":[{"embeddable":true,"href":"https:\/\/www.balanceship.de\/index.php?rest_route=\/wp\/v2\/users\/1"}],"replies":[{"embeddable":true,"href":"https:\/\/www.balanceship.de\/index.php?rest_route=%2Fwp%2Fv2%2Fcomments&post=148"}],"version-history":[{"count":9,"href":"https:\/\/www.balanceship.de\/index.php?rest_route=\/wp\/v2\/pages\/148\/revisions"}],"predecessor-version":[{"id":150,"href":"https:\/\/www.balanceship.de\/index.php?rest_route=\/wp\/v2\/pages\/148\/revisions\/150"}],"wp:attachment":[{"href":"https:\/\/www.balanceship.de\/index.php?rest_route=%2Fwp%2Fv2%2Fmedia&parent=148"}],"curies":[{"name":"wp","href":"https:\/\/api.w.org\/{rel}","templated":true}]}}